{"id":41,"date":"2012-09-11T22:05:11","date_gmt":"2012-09-11T22:05:11","guid":{"rendered":"http:\/\/www.exchange-profis.de\/?page_id=41"},"modified":"2021-02-26T15:07:43","modified_gmt":"2021-02-26T15:07:43","slug":"impressum","status":"publish","type":"page","link":"http:\/\/exchange-profis.de\/?page_id=41","title":{"rendered":"Kontakt"},"content":{"rendered":"<p>eXchange-Profis.de<br \/>\nInhaber Andr\u00e9 Gl\u00f6ckner<br \/>\nLeukersdorfer Str. 7<br \/>\nD-09387 Jahnsdorf<\/p>\n<p><a href=\"http:\/\/www.EXchange-Profis.de\">www.eXchange-Profis.de<\/a><br \/>\ninfo (at) eXchange-Profis.de<\/p>\n<p>Mobil: +49 1522 99 4 99 69<\/p>\n<p>Steuernummer 224\/224\/00056<\/p>\n<p>USt-IdNr.: DE285455711<\/p>\n<address>Disclaimer &#8211; rechtliche Hinweise<\/address>\n<address>1. Haftungsbeschr\u00e4nkung<\/address>\n<address>Die Inhalte dieser<br \/>\nWebsite werden mit gr\u00f6\u00dftm\u00f6glicher Sorgfalt erstellt. Der Anbieter \u00fcbernimmt<br \/>\njedoch keine Gew\u00e4hr f\u00fcr die Richtigkeit, Vollst\u00e4ndigkeit und Aktualit\u00e4t der<br \/>\nbereitgestellten Inhalte. Die Nutzung der Inhalte der Website erfolgt auf<br \/>\neigene Gefahr des Nutzers. Namentlich gekennzeichnete Beitr\u00e4ge geben die<br \/>\nMeinung des jeweiligen Autors und nicht immer die Meinung des Anbieters wieder.<br \/>\nMit der reinen Nutzung der Website des Anbieters kommt keinerlei<br \/>\nVertragsverh\u00e4ltnis zwischen dem Nutzer und dem Anbieter zustande.<\/address>\n<address>3. Urheber- und Leistungsschutzrechte<\/address>\n<address>Die auf dieser<br \/>\nWebsite ver\u00f6ffentlichten Inhalte unterliegen dem deutschen Urheber- und<br \/>\nLeistungsschutzrecht. Jede vom deutschen Urheber- und Leistungsschutzrecht<br \/>\nnicht zugelassene Verwertung bedarf der vorherigen schriftlichen Zustimmung des<br \/>\nAnbieters oder jeweiligen Rechteinhabers. Dies gilt insbesondere f\u00fcr<br \/>\nVervielf\u00e4ltigung, Bearbeitung, \u00dcbersetzung, Einspeicherung, Verarbeitung bzw.<br \/>\nWiedergabe von Inhalten in Datenbanken oder anderen elektronischen Medien und<br \/>\nSystemen. Inhalte und Rechte Dritter sind dabei als solche gekennzeichnet. Die<br \/>\nunerlaubte Vervielf\u00e4ltigung oder Weitergabe einzelner Inhalte oder kompletter<br \/>\nSeiten ist nicht gestattet und strafbar. Lediglich die Herstellung von Kopien<br \/>\nund Downloads f\u00fcr den pers\u00f6nlichen, privaten und nicht kommerziellen Gebrauch<br \/>\nist erlaubt.<\/address>\n<address>Die Darstellung<br \/>\ndieser Website in fremden Frames ist nur mit schriftlicher Erlaubnis zul\u00e4ssig.<\/address>\n<address>4. Datenschutz<\/address>\n<address>Durch den Besuch der<br \/>\nWebsite des Anbieters k\u00f6nnen Informationen \u00fcber den Zugriff (Datum, Uhrzeit,<br \/>\nbetrachtete Seite) gespeichert werden. Diese Daten geh\u00f6ren nicht zu den<br \/>\npersonenbezogenen Daten, sondern sind anonymisiert. Sie werden ausschlie\u00dflich<br \/>\nzu statistischen Zwecken ausgewertet. Eine Weitergabe an Dritte, zu<br \/>\nkommerziellen oder nichtkommerziellen Zwecken, findet nicht statt.<\/address>\n<address>Der Anbieter weist<br \/>\nausdr\u00fccklich darauf hin, dass die Daten\u00fcbertragung im Internet (z.B. bei der<br \/>\nKommunikation per E-Mail) Sicherheitsl\u00fccken aufweisen und nicht l\u00fcckenlos vor<br \/>\ndem Zugriff durch Dritte gesch\u00fctzt werden kann.<\/address>\n<address>Die Verwendung der<br \/>\nKontaktdaten des Impressums zur gewerblichen Werbung ist ausdr\u00fccklich nicht<br \/>\nerw\u00fcnscht, es sei denn der Anbieter hatte zuvor seine schriftliche Einwilligung<br \/>\nerteilt oder es besteht bereits eine Gesch\u00e4ftsbeziehung. Der Anbieter und alle auf<br \/>\ndieser Website genannten Personen widersprechen hiermit jeder kommerziellen<br \/>\nVerwendung und Weitergabe ihrer Daten.<\/address>\n<address>5. Besondere Nutzungsbedingungen<\/address>\n<address>Soweit besondere<br \/>\nBedingungen f\u00fcr einzelne Nutzungen dieser Website von den vorgenannten Nummern<br \/>\n1. bis 4. abweichen, wird an entsprechender Stelle ausdr\u00fccklich darauf<br \/>\nhingewiesen. In diesem Falle gelten im jeweiligen Einzelfall die besonderen<br \/>\nNutzungsbedingungen.<\/address>\n<address>Quelle:<br \/>\nDisclaimer von <a href=\"http:\/\/www.juraforum.de\/\">www.juraforum.de<\/a><\/address>\n<address>Bildquelle: fotolia.com<\/address>\n","protected":false},"excerpt":{"rendered":"<p>eXchange-Profis.de Inhaber Andr\u00e9 Gl\u00f6ckner Leukersdorfer Str. 7 D-09387 Jahnsdorf www.eXchange-Profis.de info (at) eXchange-Profis.de Mobil: +49 [&hellip;]<\/p>\n","protected":false},"author":1,"featured_media":0,"parent":0,"menu_order":8,"comment_status":"closed","ping_status":"closed","template":"","meta":{"footnotes":""},"class_list":["post-41","page","type-page","status-publish","hentry"],"_links":{"self":[{"href":"http:\/\/exchange-profis.de\/index.php?rest_route=\/wp\/v2\/pages\/41","targetHints":{"allow":["GET"]}}],"collection":[{"href":"http:\/\/exchange-profis.de\/index.php?rest_route=\/wp\/v2\/pages"}],"about":[{"href":"http:\/\/exchange-profis.de\/index.php?rest_route=\/wp\/v2\/types\/page"}],"author":[{"embeddable":true,"href":"http:\/\/exchange-profis.de\/index.php?rest_route=\/wp\/v2\/users\/1"}],"replies":[{"embeddable":true,"href":"http:\/\/exchange-profis.de\/index.php?rest_route=%2Fwp%2Fv2%2Fcomments&post=41"}],"version-history":[{"count":21,"href":"http:\/\/exchange-profis.de\/index.php?rest_route=\/wp\/v2\/pages\/41\/revisions"}],"predecessor-version":[{"id":281,"href":"http:\/\/exchange-profis.de\/index.php?rest_route=\/wp\/v2\/pages\/41\/revisions\/281"}],"wp:attachment":[{"href":"http:\/\/exchange-profis.de\/index.php?rest_route=%2Fwp%2Fv2%2Fmedia&parent=41"}],"curies":[{"name":"wp","href":"https:\/\/api.w.org\/{rel}","templated":true}]}}