{"id":143,"date":"2012-12-17T10:36:23","date_gmt":"2012-12-17T10:36:23","guid":{"rendered":"http:\/\/www.eXchange-Profis.de\/?page_id=143"},"modified":"2024-09-05T15:34:19","modified_gmt":"2024-09-05T15:34:19","slug":"home","status":"publish","type":"page","link":"http:\/\/exchange-profis.de\/","title":{"rendered":"Home"},"content":{"rendered":"<p>Willkommen bei eXchange-Profis.de!<\/p>\n<p>eXchange-Profis.de bietet IT Consulting f\u00fcr Microsoft Produkte im Unternehmensbereich. Mit Topzertifizierungen und \u00fcber 25 Jahren Projekterfahrung unterst\u00fctzen wir Sie in Ihrem Projekt vom ersten Visions- und Zielworkshop bis hin zum dauerhaften Betrieb.<\/p>\n","protected":false},"excerpt":{"rendered":"<p>Willkommen bei eXchange-Profis.de! eXchange-Profis.de bietet IT Consulting f\u00fcr Microsoft Produkte im Unternehmensbereich. Mit Topzertifizierungen und [&hellip;]<\/p>\n","protected":false},"author":1,"featured_media":0,"parent":0,"menu_order":1,"comment_status":"closed","ping_status":"closed","template":"","meta":{"footnotes":""},"class_list":["post-143","page","type-page","status-publish","hentry"],"_links":{"self":[{"href":"http:\/\/exchange-profis.de\/index.php?rest_route=\/wp\/v2\/pages\/143","targetHints":{"allow":["GET"]}}],"collection":[{"href":"http:\/\/exchange-profis.de\/index.php?rest_route=\/wp\/v2\/pages"}],"about":[{"href":"http:\/\/exchange-profis.de\/index.php?rest_route=\/wp\/v2\/types\/page"}],"author":[{"embeddable":true,"href":"http:\/\/exchange-profis.de\/index.php?rest_route=\/wp\/v2\/users\/1"}],"replies":[{"embeddable":true,"href":"http:\/\/exchange-profis.de\/index.php?rest_route=%2Fwp%2Fv2%2Fcomments&post=143"}],"version-history":[{"count":17,"href":"http:\/\/exchange-profis.de\/index.php?rest_route=\/wp\/v2\/pages\/143\/revisions"}],"predecessor-version":[{"id":295,"href":"http:\/\/exchange-profis.de\/index.php?rest_route=\/wp\/v2\/pages\/143\/revisions\/295"}],"wp:attachment":[{"href":"http:\/\/exchange-profis.de\/index.php?rest_route=%2Fwp%2Fv2%2Fmedia&parent=143"}],"curies":[{"name":"wp","href":"https:\/\/api.w.org\/{rel}","templated":true}]}}